{"id":407,"date":"2026-03-04T21:24:09","date_gmt":"2026-03-05T00:24:09","guid":{"rendered":"https:\/\/seulinkcerto.com\/blog\/?page_id=407"},"modified":"2026-03-04T21:24:09","modified_gmt":"2026-03-05T00:24:09","slug":"contato","status":"publish","type":"page","link":"https:\/\/seulinkcerto.com\/blog\/contato\/","title":{"rendered":"Contato"},"content":{"rendered":"\n<div class=\"wpcf7 no-js\" id=\"wpcf7-f406-o1\" lang=\"pt-BR\" dir=\"ltr\" data-wpcf7-id=\"406\">\n<div class=\"screen-reader-response\"><p role=\"status\" aria-live=\"polite\" aria-atomic=\"true\"><\/p> <ul><\/ul><\/div>\n<form action=\"\/blog\/wp-json\/wp\/v2\/pages\/407#wpcf7-f406-o1\" method=\"post\" class=\"wpcf7-form init\" aria-label=\"Formul\u00e1rios de contato\" novalidate=\"novalidate\" data-status=\"init\">\n<fieldset class=\"hidden-fields-container\"><input type=\"hidden\" name=\"_wpcf7\" value=\"406\" \/><input type=\"hidden\" name=\"_wpcf7_version\" value=\"6.1.5\" \/><input type=\"hidden\" name=\"_wpcf7_locale\" value=\"pt_BR\" \/><input type=\"hidden\" name=\"_wpcf7_unit_tag\" value=\"wpcf7-f406-o1\" \/><input type=\"hidden\" name=\"_wpcf7_container_post\" value=\"0\" \/><input type=\"hidden\" name=\"_wpcf7_posted_data_hash\" value=\"\" \/>\n<\/fieldset>\n<div class=\"form-contato-profissional\">\n\t<h2>Fale Conosco\n\t<\/h2>\n\t<p>Tem alguma d\u00favida, sugest\u00e3o ou proposta de parceria? Preencha o formul\u00e1rio abaixo e responderemos o mais r\u00e1pido poss\u00edvel.\n\t<\/p>\n\t<p><label>Nome completo<\/label><br \/>\n<span class=\"wpcf7-form-control-wrap\" data-name=\"your-name\"><input size=\"40\" maxlength=\"400\" class=\"wpcf7-form-control wpcf7-text wpcf7-validates-as-required\" aria-required=\"true\" aria-invalid=\"false\" placeholder=\"Digite seu nome completo\" value=\"\" type=\"text\" name=\"your-name\" \/><\/span>\n\t<\/p>\n\t<p><label>E-mail<\/label><br \/>\n<span class=\"wpcf7-form-control-wrap\" data-name=\"your-email\"><input size=\"40\" maxlength=\"400\" class=\"wpcf7-form-control wpcf7-email wpcf7-validates-as-required wpcf7-text wpcf7-validates-as-email\" aria-required=\"true\" aria-invalid=\"false\" placeholder=\"Digite seu melhor e-mail\" value=\"\" type=\"email\" name=\"your-email\" \/><\/span>\n\t<\/p>\n\t<p><label>Assunto<\/label><br \/>\n<span class=\"wpcf7-form-control-wrap\" data-name=\"your-subject\"><input size=\"40\" maxlength=\"400\" class=\"wpcf7-form-control wpcf7-text wpcf7-validates-as-required\" aria-required=\"true\" aria-invalid=\"false\" placeholder=\"Informe o assunto da mensagem\" value=\"\" type=\"text\" name=\"your-subject\" \/><\/span>\n\t<\/p>\n\t<p><label>Mensagem<\/label><br \/>\n<span class=\"wpcf7-form-control-wrap\" data-name=\"your-message\"><textarea cols=\"40\" rows=\"10\" maxlength=\"2000\" class=\"wpcf7-form-control wpcf7-textarea wpcf7-validates-as-required\" aria-required=\"true\" aria-invalid=\"false\" placeholder=\"Escreva sua mensagem aqui...\" name=\"your-message\"><\/textarea><\/span>\n\t<\/p>\n\t<p><input class=\"wpcf7-form-control wpcf7-submit has-spinner\" type=\"submit\" value=\"Enviar Mensagem\" \/>\n\t<\/p>\n\t<p class=\"form-aviso\"><br \/>\nSeus dados est\u00e3o seguros e n\u00e3o ser\u00e3o compartilhados.\n\t<\/p>\n<\/div><div class=\"wpcf7-response-output\" aria-hidden=\"true\"><\/div>\n<\/form>\n<\/div>\n\n","protected":false},"excerpt":{"rendered":"","protected":false},"author":2,"featured_media":0,"parent":0,"menu_order":0,"comment_status":"closed","ping_status":"closed","template":"","meta":{"footnotes":""},"class_list":["post-407","page","type-page","status-publish","hentry"],"yoast_head":"<!-- This site is optimized with the Yoast SEO plugin v27.3 - https:\/\/yoast.com\/product\/yoast-seo-wordpress\/ -->\n<title>Contato - Seu Link Certo: Blog<\/title>\n<meta name=\"robots\" content=\"index, follow, max-snippet:-1, max-image-preview:large, max-video-preview:-1\" \/>\n<link rel=\"canonical\" href=\"https:\/\/seulinkcerto.com\/blog\/contato\/\" \/>\n<meta property=\"og:locale\" content=\"pt_BR\" \/>\n<meta property=\"og:type\" content=\"article\" \/>\n<meta property=\"og:title\" content=\"Contato - Seu Link Certo: Blog\" \/>\n<meta property=\"og:url\" content=\"https:\/\/seulinkcerto.com\/blog\/contato\/\" \/>\n<meta property=\"og:site_name\" content=\"Seu Link Certo: Blog\" \/>\n<meta name=\"twitter:card\" content=\"summary_large_image\" \/>\n<script type=\"application\/ld+json\" class=\"yoast-schema-graph\">{\"@context\":\"https:\\\/\\\/schema.org\",\"@graph\":[{\"@type\":\"WebPage\",\"@id\":\"https:\\\/\\\/seulinkcerto.com\\\/blog\\\/contato\\\/\",\"url\":\"https:\\\/\\\/seulinkcerto.com\\\/blog\\\/contato\\\/\",\"name\":\"Contato - Seu Link Certo: Blog\",\"isPartOf\":{\"@id\":\"https:\\\/\\\/seulinkcerto.com\\\/blog\\\/#website\"},\"datePublished\":\"2026-03-05T00:24:09+00:00\",\"breadcrumb\":{\"@id\":\"https:\\\/\\\/seulinkcerto.com\\\/blog\\\/contato\\\/#breadcrumb\"},\"inLanguage\":\"pt-BR\",\"potentialAction\":[{\"@type\":\"ReadAction\",\"target\":[\"https:\\\/\\\/seulinkcerto.com\\\/blog\\\/contato\\\/\"]}]},{\"@type\":\"BreadcrumbList\",\"@id\":\"https:\\\/\\\/seulinkcerto.com\\\/blog\\\/contato\\\/#breadcrumb\",\"itemListElement\":[{\"@type\":\"ListItem\",\"position\":1,\"name\":\"In\u00edcio\",\"item\":\"https:\\\/\\\/seulinkcerto.com\\\/blog\\\/\"},{\"@type\":\"ListItem\",\"position\":2,\"name\":\"Contato\"}]},{\"@type\":\"WebSite\",\"@id\":\"https:\\\/\\\/seulinkcerto.com\\\/blog\\\/#website\",\"url\":\"https:\\\/\\\/seulinkcerto.com\\\/blog\\\/\",\"name\":\"Seu Link Certo - Blog\",\"description\":\"Intelig\u00eancia que gera resultados.\",\"publisher\":{\"@id\":\"https:\\\/\\\/seulinkcerto.com\\\/blog\\\/#organization\"},\"potentialAction\":[{\"@type\":\"SearchAction\",\"target\":{\"@type\":\"EntryPoint\",\"urlTemplate\":\"https:\\\/\\\/seulinkcerto.com\\\/blog\\\/?s={search_term_string}\"},\"query-input\":{\"@type\":\"PropertyValueSpecification\",\"valueRequired\":true,\"valueName\":\"search_term_string\"}}],\"inLanguage\":\"pt-BR\"},{\"@type\":\"Organization\",\"@id\":\"https:\\\/\\\/seulinkcerto.com\\\/blog\\\/#organization\",\"name\":\"Seu Link Certo - Blog\",\"url\":\"https:\\\/\\\/seulinkcerto.com\\\/blog\\\/\",\"logo\":{\"@type\":\"ImageObject\",\"inLanguage\":\"pt-BR\",\"@id\":\"https:\\\/\\\/seulinkcerto.com\\\/blog\\\/#\\\/schema\\\/logo\\\/image\\\/\",\"url\":\"https:\\\/\\\/seulinkcerto.com\\\/blog\\\/wp-content\\\/uploads\\\/2026\\\/01\\\/file_00000000c7b071f59d257e1bacda7e2b.png\",\"contentUrl\":\"https:\\\/\\\/seulinkcerto.com\\\/blog\\\/wp-content\\\/uploads\\\/2026\\\/01\\\/file_00000000c7b071f59d257e1bacda7e2b.png\",\"width\":1024,\"height\":1024,\"caption\":\"Seu Link Certo - Blog\"},\"image\":{\"@id\":\"https:\\\/\\\/seulinkcerto.com\\\/blog\\\/#\\\/schema\\\/logo\\\/image\\\/\"}}]}<\/script>\n<!-- \/ Yoast SEO plugin. -->","yoast_head_json":{"title":"Contato - Seu Link Certo: Blog","robots":{"index":"index","follow":"follow","max-snippet":"max-snippet:-1","max-image-preview":"max-image-preview:large","max-video-preview":"max-video-preview:-1"},"canonical":"https:\/\/seulinkcerto.com\/blog\/contato\/","og_locale":"pt_BR","og_type":"article","og_title":"Contato - Seu Link Certo: Blog","og_url":"https:\/\/seulinkcerto.com\/blog\/contato\/","og_site_name":"Seu Link Certo: Blog","twitter_card":"summary_large_image","schema":{"@context":"https:\/\/schema.org","@graph":[{"@type":"WebPage","@id":"https:\/\/seulinkcerto.com\/blog\/contato\/","url":"https:\/\/seulinkcerto.com\/blog\/contato\/","name":"Contato - Seu Link Certo: Blog","isPartOf":{"@id":"https:\/\/seulinkcerto.com\/blog\/#website"},"datePublished":"2026-03-05T00:24:09+00:00","breadcrumb":{"@id":"https:\/\/seulinkcerto.com\/blog\/contato\/#breadcrumb"},"inLanguage":"pt-BR","potentialAction":[{"@type":"ReadAction","target":["https:\/\/seulinkcerto.com\/blog\/contato\/"]}]},{"@type":"BreadcrumbList","@id":"https:\/\/seulinkcerto.com\/blog\/contato\/#breadcrumb","itemListElement":[{"@type":"ListItem","position":1,"name":"In\u00edcio","item":"https:\/\/seulinkcerto.com\/blog\/"},{"@type":"ListItem","position":2,"name":"Contato"}]},{"@type":"WebSite","@id":"https:\/\/seulinkcerto.com\/blog\/#website","url":"https:\/\/seulinkcerto.com\/blog\/","name":"Seu Link Certo - Blog","description":"Intelig\u00eancia que gera resultados.","publisher":{"@id":"https:\/\/seulinkcerto.com\/blog\/#organization"},"potentialAction":[{"@type":"SearchAction","target":{"@type":"EntryPoint","urlTemplate":"https:\/\/seulinkcerto.com\/blog\/?s={search_term_string}"},"query-input":{"@type":"PropertyValueSpecification","valueRequired":true,"valueName":"search_term_string"}}],"inLanguage":"pt-BR"},{"@type":"Organization","@id":"https:\/\/seulinkcerto.com\/blog\/#organization","name":"Seu Link Certo - Blog","url":"https:\/\/seulinkcerto.com\/blog\/","logo":{"@type":"ImageObject","inLanguage":"pt-BR","@id":"https:\/\/seulinkcerto.com\/blog\/#\/schema\/logo\/image\/","url":"https:\/\/seulinkcerto.com\/blog\/wp-content\/uploads\/2026\/01\/file_00000000c7b071f59d257e1bacda7e2b.png","contentUrl":"https:\/\/seulinkcerto.com\/blog\/wp-content\/uploads\/2026\/01\/file_00000000c7b071f59d257e1bacda7e2b.png","width":1024,"height":1024,"caption":"Seu Link Certo - Blog"},"image":{"@id":"https:\/\/seulinkcerto.com\/blog\/#\/schema\/logo\/image\/"}}]}},"_links":{"self":[{"href":"https:\/\/seulinkcerto.com\/blog\/wp-json\/wp\/v2\/pages\/407","targetHints":{"allow":["GET"]}}],"collection":[{"href":"https:\/\/seulinkcerto.com\/blog\/wp-json\/wp\/v2\/pages"}],"about":[{"href":"https:\/\/seulinkcerto.com\/blog\/wp-json\/wp\/v2\/types\/page"}],"author":[{"embeddable":true,"href":"https:\/\/seulinkcerto.com\/blog\/wp-json\/wp\/v2\/users\/2"}],"replies":[{"embeddable":true,"href":"https:\/\/seulinkcerto.com\/blog\/wp-json\/wp\/v2\/comments?post=407"}],"version-history":[{"count":3,"href":"https:\/\/seulinkcerto.com\/blog\/wp-json\/wp\/v2\/pages\/407\/revisions"}],"predecessor-version":[{"id":410,"href":"https:\/\/seulinkcerto.com\/blog\/wp-json\/wp\/v2\/pages\/407\/revisions\/410"}],"wp:attachment":[{"href":"https:\/\/seulinkcerto.com\/blog\/wp-json\/wp\/v2\/media?parent=407"}],"curies":[{"name":"wp","href":"https:\/\/api.w.org\/{rel}","templated":true}]}}